{"id":22,"date":"2021-09-13T06:55:49","date_gmt":"2021-09-13T06:55:49","guid":{"rendered":"https:\/\/zakra-agency.sites.qsandbox.com\/?page_id=22"},"modified":"2024-01-20T09:01:37","modified_gmt":"2024-01-20T09:01:37","slug":"chi-siamo","status":"publish","type":"page","link":"https:\/\/identitastudio.tech\/index.php\/chi-siamo\/","title":{"rendered":"Chi Siamo"},"content":{"rendered":"\t\t<div data-elementor-type=\"wp-page\" data-elementor-id=\"22\" class=\"elementor elementor-22\">\n\t\t\t\t\t\t<section class=\"elementor-section elementor-top-section elementor-element elementor-element-28e38cd elementor-section-boxed elementor-section-height-default elementor-section-height-default\" data-id=\"28e38cd\" data-element_type=\"section\" data-e-type=\"section\">\n\t\t\t\t\t\t<div class=\"elementor-container elementor-column-gap-default\">\n\t\t\t\t\t<div class=\"elementor-column elementor-col-100 elementor-top-column elementor-element elementor-element-86d40b4\" data-id=\"86d40b4\" data-element_type=\"column\" data-e-type=\"column\">\n\t\t\t<div class=\"elementor-widget-wrap elementor-element-populated\">\n\t\t\t\t\t\t<div class=\"elementor-element elementor-element-8126cec elementor-widget elementor-widget-spacer\" data-id=\"8126cec\" data-element_type=\"widget\" data-e-type=\"widget\" data-widget_type=\"spacer.default\">\n\t\t\t\t<div class=\"elementor-widget-container\">\n\t\t\t\t\t\t\t<div class=\"elementor-spacer\">\n\t\t\t<div class=\"elementor-spacer-inner\"><\/div>\n\t\t<\/div>\n\t\t\t\t\t\t<\/div>\n\t\t\t\t<\/div>\n\t\t\t\t<div class=\"elementor-element elementor-element-dcc45d7 elementor-widget elementor-widget-spacer\" data-id=\"dcc45d7\" data-element_type=\"widget\" data-e-type=\"widget\" data-widget_type=\"spacer.default\">\n\t\t\t\t<div class=\"elementor-widget-container\">\n\t\t\t\t\t\t\t<div class=\"elementor-spacer\">\n\t\t\t<div class=\"elementor-spacer-inner\"><\/div>\n\t\t<\/div>\n\t\t\t\t\t\t<\/div>\n\t\t\t\t<\/div>\n\t\t\t\t<div class=\"elementor-element elementor-element-a949240 elementor-widget elementor-widget-heading\" data-id=\"a949240\" data-element_type=\"widget\" data-e-type=\"widget\" data-widget_type=\"heading.default\">\n\t\t\t\t<div class=\"elementor-widget-container\">\n\t\t\t\t\t<h1 class=\"elementor-heading-title elementor-size-xl\">Professionalit\u00e0<br>su misura<\/h1>\t\t\t\t<\/div>\n\t\t\t\t<\/div>\n\t\t\t\t<div class=\"elementor-element elementor-element-2e53e47 elementor-widget elementor-widget-spacer\" data-id=\"2e53e47\" data-element_type=\"widget\" data-e-type=\"widget\" data-widget_type=\"spacer.default\">\n\t\t\t\t<div class=\"elementor-widget-container\">\n\t\t\t\t\t\t\t<div class=\"elementor-spacer\">\n\t\t\t<div class=\"elementor-spacer-inner\"><\/div>\n\t\t<\/div>\n\t\t\t\t\t\t<\/div>\n\t\t\t\t<\/div>\n\t\t\t\t<div class=\"elementor-element elementor-element-1d9a4bf elementor-widget elementor-widget-text-editor\" data-id=\"1d9a4bf\" data-element_type=\"widget\" data-e-type=\"widget\" data-widget_type=\"text-editor.default\">\n\t\t\t\t<div class=\"elementor-widget-container\">\n\t\t\t\t\t\t\t\t\t<p>Identit\u00e0 Studio S.r.l. \u00e8 uno <b>studio odontoiatrico<\/b> con sede a <b>Sesto Fiorentino<\/b> che opera in tutta l&#8217;area fiorentina.<\/p><p>Lo studio \u00e8 formato da un team di <b>professionisti<\/b> che lavorano con dedizione, trasparenza e nel pieno rispetto delle esigenze di ogni singolo paziente.<\/p>\t\t\t\t\t\t\t\t<\/div>\n\t\t\t\t<\/div>\n\t\t\t\t<div class=\"elementor-element elementor-element-839f295 elementor-widget elementor-widget-image\" data-id=\"839f295\" data-element_type=\"widget\" data-e-type=\"widget\" data-widget_type=\"image.default\">\n\t\t\t\t<div class=\"elementor-widget-container\">\n\t\t\t\t\t\t\t\t\t\t\t\t\t\t\t<img fetchpriority=\"high\" decoding=\"async\" width=\"1024\" height=\"682\" src=\"https:\/\/identitastudio.tech\/wp-content\/uploads\/2024\/01\/Team-Identita\u0300-Studio.jpeg\" class=\"attachment-large size-large wp-image-1233\" alt=\"\" srcset=\"https:\/\/identitastudio.tech\/wp-content\/uploads\/2024\/01\/Team-Identita\u0300-Studio.jpeg 1024w, https:\/\/identitastudio.tech\/wp-content\/uploads\/2024\/01\/Team-Identita\u0300-Studio-300x200.jpeg 300w, https:\/\/identitastudio.tech\/wp-content\/uploads\/2024\/01\/Team-Identita\u0300-Studio-768x512.jpeg 768w\" sizes=\"(max-width: 1024px) 100vw, 1024px\" \/>\t\t\t\t\t\t\t\t\t\t\t\t\t\t\t<\/div>\n\t\t\t\t<\/div>\n\t\t\t\t<div class=\"elementor-element elementor-element-58e935a elementor-widget elementor-widget-text-editor\" data-id=\"58e935a\" data-element_type=\"widget\" data-e-type=\"widget\" data-widget_type=\"text-editor.default\">\n\t\t\t\t<div class=\"elementor-widget-container\">\n\t\t\t\t\t\t\t\t\t<p>Grazie a una continua attenzione all&#8217;<b>innovazione<\/b> e alla <b>tecnologia<\/b>, il nostro studio e le sale chirurgiche sono attrezzate con strumenti odontoiatrici di ultima generazione che consentono di effettuare ogni singolo intervento con <b>precisione<\/b> e <b>sicurezza<\/b>.<\/p><p>Ogni particolare del nostro studio dentistico di Sesto Fiorentino \u00e8 studiato per offrire <b>efficienza<\/b> ai nostri pazienti, rendendo la visita dentistica un momento in cui l&#8217;<b>accoglienza<\/b> e il <b>comfort<\/b> sono elementi prioritari.<\/p>\t\t\t\t\t\t\t\t<\/div>\n\t\t\t\t<\/div>\n\t\t\t\t<div class=\"elementor-element elementor-element-b844066 elementor-widget elementor-widget-image-gallery\" data-id=\"b844066\" data-element_type=\"widget\" data-e-type=\"widget\" data-widget_type=\"image-gallery.default\">\n\t\t\t\t<div class=\"elementor-widget-container\">\n\t\t\t\t\t\t\t<div class=\"elementor-image-gallery\">\n\t\t\t<div id='gallery-1' class='gallery galleryid-22 gallery-columns-4 gallery-size-large'><figure class='gallery-item'>\n\t\t\t<div class='gallery-icon portrait'>\n\t\t\t\t<a data-elementor-open-lightbox=\"yes\" data-elementor-lightbox-slideshow=\"b844066\" data-elementor-lightbox-title=\"Niccolo\u0300_Giachetti\" data-e-action-hash=\"#elementor-action%3Aaction%3Dlightbox%26settings%3DeyJpZCI6MTM5MiwidXJsIjoiaHR0cHM6XC9cL2lkZW50aXRhc3R1ZGlvLnRlY2hcL3dwLWNvbnRlbnRcL3VwbG9hZHNcLzIwMjRcLzAxXC9OaWNjb2xvXHUwMzAwX0dpYWNoZXR0aS5qcGVnIiwic2xpZGVzaG93IjoiYjg0NDA2NiJ9\" href='https:\/\/identitastudio.tech\/wp-content\/uploads\/2024\/01\/Niccolo\u0300_Giachetti.jpeg'><img decoding=\"async\" width=\"682\" height=\"1024\" src=\"https:\/\/identitastudio.tech\/wp-content\/uploads\/2024\/01\/Niccolo\u0300_Giachetti.jpeg\" class=\"attachment-large size-large\" alt=\"\" srcset=\"https:\/\/identitastudio.tech\/wp-content\/uploads\/2024\/01\/Niccolo\u0300_Giachetti.jpeg 682w, https:\/\/identitastudio.tech\/wp-content\/uploads\/2024\/01\/Niccolo\u0300_Giachetti-200x300.jpeg 200w\" sizes=\"(max-width: 682px) 100vw, 682px\" \/><\/a>\n\t\t\t<\/div><\/figure><figure class='gallery-item'>\n\t\t\t<div class='gallery-icon portrait'>\n\t\t\t\t<a data-elementor-open-lightbox=\"yes\" data-elementor-lightbox-slideshow=\"b844066\" data-elementor-lightbox-title=\"Identita\u0300 Studio Sesto Fiorentino\" data-e-action-hash=\"#elementor-action%3Aaction%3Dlightbox%26settings%3DeyJpZCI6MTMwNiwidXJsIjoiaHR0cHM6XC9cL2lkZW50aXRhc3R1ZGlvLnRlY2hcL3dwLWNvbnRlbnRcL3VwbG9hZHNcLzIwMjRcLzAxXC9JZGVudGl0YVx1MDMwMC1TdHVkaW8tU2VzdG8tRmlvcmVudGluby0xLmpwZWciLCJzbGlkZXNob3ciOiJiODQ0MDY2In0%3D\" href='https:\/\/identitastudio.tech\/wp-content\/uploads\/2024\/01\/Identita\u0300-Studio-Sesto-Fiorentino-1.jpeg'><img decoding=\"async\" width=\"682\" height=\"1024\" src=\"https:\/\/identitastudio.tech\/wp-content\/uploads\/2024\/01\/Identita\u0300-Studio-Sesto-Fiorentino-1.jpeg\" class=\"attachment-large size-large\" alt=\"\" srcset=\"https:\/\/identitastudio.tech\/wp-content\/uploads\/2024\/01\/Identita\u0300-Studio-Sesto-Fiorentino-1.jpeg 682w, https:\/\/identitastudio.tech\/wp-content\/uploads\/2024\/01\/Identita\u0300-Studio-Sesto-Fiorentino-1-200x300.jpeg 200w\" sizes=\"(max-width: 682px) 100vw, 682px\" \/><\/a>\n\t\t\t<\/div><\/figure><figure class='gallery-item'>\n\t\t\t<div class='gallery-icon portrait'>\n\t\t\t\t<a data-elementor-open-lightbox=\"yes\" data-elementor-lightbox-slideshow=\"b844066\" data-elementor-lightbox-title=\"Identita\u0300 Studio - Sesto Fiorentino Firenze\" data-e-action-hash=\"#elementor-action%3Aaction%3Dlightbox%26settings%3DeyJpZCI6MTMwNywidXJsIjoiaHR0cHM6XC9cL2lkZW50aXRhc3R1ZGlvLnRlY2hcL3dwLWNvbnRlbnRcL3VwbG9hZHNcLzIwMjRcLzAxXC9JZGVudGl0YVx1MDMwMC1TdHVkaW8tU2VzdG8tRmlvcmVudGluby1GaXJlbnplLTEuanBlZyIsInNsaWRlc2hvdyI6ImI4NDQwNjYifQ%3D%3D\" href='https:\/\/identitastudio.tech\/wp-content\/uploads\/2024\/01\/Identita\u0300-Studio-Sesto-Fiorentino-Firenze-1.jpeg'><img loading=\"lazy\" decoding=\"async\" width=\"682\" height=\"1024\" src=\"https:\/\/identitastudio.tech\/wp-content\/uploads\/2024\/01\/Identita\u0300-Studio-Sesto-Fiorentino-Firenze-1.jpeg\" class=\"attachment-large size-large\" alt=\"\" srcset=\"https:\/\/identitastudio.tech\/wp-content\/uploads\/2024\/01\/Identita\u0300-Studio-Sesto-Fiorentino-Firenze-1.jpeg 682w, https:\/\/identitastudio.tech\/wp-content\/uploads\/2024\/01\/Identita\u0300-Studio-Sesto-Fiorentino-Firenze-1-200x300.jpeg 200w\" sizes=\"(max-width: 682px) 100vw, 682px\" \/><\/a>\n\t\t\t<\/div><\/figure><figure class='gallery-item'>\n\t\t\t<div class='gallery-icon portrait'>\n\t\t\t\t<a data-elementor-open-lightbox=\"yes\" data-elementor-lightbox-slideshow=\"b844066\" data-elementor-lightbox-title=\"Identita\u0300 Studio Odontoiatrico\" data-e-action-hash=\"#elementor-action%3Aaction%3Dlightbox%26settings%3DeyJpZCI6MTMwOCwidXJsIjoiaHR0cHM6XC9cL2lkZW50aXRhc3R1ZGlvLnRlY2hcL3dwLWNvbnRlbnRcL3VwbG9hZHNcLzIwMjRcLzAxXC9JZGVudGl0YVx1MDMwMC1TdHVkaW8tT2RvbnRvaWF0cmljby0xLmpwZWciLCJzbGlkZXNob3ciOiJiODQ0MDY2In0%3D\" href='https:\/\/identitastudio.tech\/wp-content\/uploads\/2024\/01\/Identita\u0300-Studio-Odontoiatrico-1.jpeg'><img loading=\"lazy\" decoding=\"async\" width=\"682\" height=\"1024\" src=\"https:\/\/identitastudio.tech\/wp-content\/uploads\/2024\/01\/Identita\u0300-Studio-Odontoiatrico-1.jpeg\" class=\"attachment-large size-large\" alt=\"\" srcset=\"https:\/\/identitastudio.tech\/wp-content\/uploads\/2024\/01\/Identita\u0300-Studio-Odontoiatrico-1.jpeg 682w, https:\/\/identitastudio.tech\/wp-content\/uploads\/2024\/01\/Identita\u0300-Studio-Odontoiatrico-1-200x300.jpeg 200w\" sizes=\"(max-width: 682px) 100vw, 682px\" \/><\/a>\n\t\t\t<\/div><\/figure>\n\t\t<\/div>\n\t\t<\/div>\n\t\t\t\t\t\t<\/div>\n\t\t\t\t<\/div>\n\t\t\t\t\t<\/div>\n\t\t<\/div>\n\t\t\t\t\t<\/div>\n\t\t<\/section>\n\t\t\t\t<section class=\"elementor-section elementor-top-section elementor-element elementor-element-2dbbfee elementor-section-boxed elementor-section-height-default elementor-section-height-default\" data-id=\"2dbbfee\" data-element_type=\"section\" data-e-type=\"section\">\n\t\t\t\t\t\t<div class=\"elementor-container elementor-column-gap-default\">\n\t\t\t\t\t<div class=\"elementor-column elementor-col-100 elementor-top-column elementor-element elementor-element-9461389\" data-id=\"9461389\" data-element_type=\"column\" data-e-type=\"column\">\n\t\t\t<div class=\"elementor-widget-wrap elementor-element-populated\">\n\t\t\t\t\t\t<div class=\"elementor-element elementor-element-f732d29 elementor-widget elementor-widget-image\" data-id=\"f732d29\" data-element_type=\"widget\" data-e-type=\"widget\" data-widget_type=\"image.default\">\n\t\t\t\t<div class=\"elementor-widget-container\">\n\t\t\t\t\t\t\t\t\t\t\t\t\t\t\t<img loading=\"lazy\" decoding=\"async\" width=\"1024\" height=\"787\" src=\"https:\/\/identitastudio.tech\/wp-content\/uploads\/2021\/09\/chisiamo-1024x787.png\" class=\"attachment-large size-large wp-image-866\" alt=\"\" srcset=\"https:\/\/identitastudio.tech\/wp-content\/uploads\/2021\/09\/chisiamo-1024x787.png 1024w, https:\/\/identitastudio.tech\/wp-content\/uploads\/2021\/09\/chisiamo-300x231.png 300w, https:\/\/identitastudio.tech\/wp-content\/uploads\/2021\/09\/chisiamo-768x591.png 768w, https:\/\/identitastudio.tech\/wp-content\/uploads\/2021\/09\/chisiamo-1536x1181.png 1536w, https:\/\/identitastudio.tech\/wp-content\/uploads\/2021\/09\/chisiamo-600x461.png 600w, https:\/\/identitastudio.tech\/wp-content\/uploads\/2021\/09\/chisiamo.png 2000w\" sizes=\"(max-width: 1024px) 100vw, 1024px\" \/>\t\t\t\t\t\t\t\t\t\t\t\t\t\t\t<\/div>\n\t\t\t\t<\/div>\n\t\t\t\t\t<\/div>\n\t\t<\/div>\n\t\t\t\t\t<\/div>\n\t\t<\/section>\n\t\t\t\t<\/div>\n\t\t","protected":false},"excerpt":{"rendered":"<p>Professionalit\u00e0su misura Identit\u00e0 Studio S.r.l. \u00e8 uno studio odontoiatrico con sede a Sesto Fiorentino che opera in tutta l&#8217;area fiorentina. Lo studio \u00e8 formato da un team di professionisti che lavorano con dedizione, trasparenza e nel pieno rispetto delle esigenze di ogni singolo paziente. Grazie a una continua attenzione all&#8217;innovazione e alla tecnologia, il nostro [&hellip;]<\/p>\n","protected":false},"author":1,"featured_media":0,"parent":0,"menu_order":0,"comment_status":"closed","ping_status":"closed","template":"page-templates\/pagebuilder.php","meta":{"footnotes":""},"class_list":["post-22","page","type-page","status-publish","hentry"],"_links":{"self":[{"href":"https:\/\/identitastudio.tech\/index.php\/wp-json\/wp\/v2\/pages\/22","targetHints":{"allow":["GET"]}}],"collection":[{"href":"https:\/\/identitastudio.tech\/index.php\/wp-json\/wp\/v2\/pages"}],"about":[{"href":"https:\/\/identitastudio.tech\/index.php\/wp-json\/wp\/v2\/types\/page"}],"author":[{"embeddable":true,"href":"https:\/\/identitastudio.tech\/index.php\/wp-json\/wp\/v2\/users\/1"}],"replies":[{"embeddable":true,"href":"https:\/\/identitastudio.tech\/index.php\/wp-json\/wp\/v2\/comments?post=22"}],"version-history":[{"count":37,"href":"https:\/\/identitastudio.tech\/index.php\/wp-json\/wp\/v2\/pages\/22\/revisions"}],"predecessor-version":[{"id":1395,"href":"https:\/\/identitastudio.tech\/index.php\/wp-json\/wp\/v2\/pages\/22\/revisions\/1395"}],"wp:attachment":[{"href":"https:\/\/identitastudio.tech\/index.php\/wp-json\/wp\/v2\/media?parent=22"}],"curies":[{"name":"wp","href":"https:\/\/api.w.org\/{rel}","templated":true}]}}